{"id":130,"date":"2024-06-26T11:17:59","date_gmt":"2024-06-26T09:17:59","guid":{"rendered":"https:\/\/agirpoursenourrir.fr\/?page_id=130"},"modified":"2024-07-30T09:53:01","modified_gmt":"2024-07-30T07:53:01","slug":"le-projet","status":"publish","type":"page","link":"https:\/\/agirpoursenourrir.fr\/index.php\/le-projet\/","title":{"rendered":"LE PROJET"},"content":{"rendered":"\n<p>Le projet \u00ab&nbsp;Agir pour se nourrir&nbsp;\u00bb a vu le jour gr\u00e2ce \u00e0 une dynamique partenariale qui s\u2019est constitu\u00e9e en consortium (associations du secteur social, institutions, acteurs du monde paysan et citoyens b\u00e9n\u00e9voles) autour de valeur commune, un int\u00e9r\u00eat pour les questions d\u2019alimentation et l\u2019envie de r\u00e9fl\u00e9chir collectivement au syst\u00e8me alimentaire dans sa globalit\u00e9 dans une vision de justice sociale alimentaire (autant pour les paysans que pour les citoyens).<\/p>\n\n\n\n<p>Ce projet a pour objectif d\u2019imaginer de mani\u00e8re participative une ou des exp\u00e9rimentations permettant d\u2019appliquer le droit \u00e0 l\u2019alimentation pour tous et toutes sur le territoire ann\u00e9cien.<\/p>\n\n\n\n<figure class=\"wp-block-image size-full\"><img loading=\"lazy\" decoding=\"async\" width=\"935\" height=\"469\" src=\"https:\/\/agirpoursenourrir.fr\/wp-content\/uploads\/2024\/06\/image-1.png\" alt=\"\" class=\"wp-image-160\" srcset=\"https:\/\/agirpoursenourrir.fr\/wp-content\/uploads\/2024\/06\/image-1.png 935w, https:\/\/agirpoursenourrir.fr\/wp-content\/uploads\/2024\/06\/image-1-300x150.png 300w, https:\/\/agirpoursenourrir.fr\/wp-content\/uploads\/2024\/06\/image-1-768x385.png 768w\" sizes=\"auto, (max-width: 935px) 100vw, 935px\" \/><\/figure>\n\n\n\n<p>Les acteurs au d\u00e9part du projet ont imagin\u00e9 une d\u00e9marche participative d\u2019appropriation citoyenne du sujet de l\u2019alimentation. Pour construire les bons outils de transformation du syst\u00e8me alimentaire, au plus pr\u00e8s des besoins et contraintes des gens et avec eux.<\/p>\n\n\n\n<p>Inspir\u00e9 des pratiques d\u2019\u00e9ducation populaire et travaill\u00e9 en intelligence collective, ce projet fait partie des initiatives de d\u00e9mocratie alimentaire souhaitant cr\u00e9er un mouvement citoyen autour d\u2019un sujet hautement politique et citoyen, qui est celui de l\u2019alimentation.<\/p>\n\n\n\n<p><\/p>\n\n\n\n<figure class=\"wp-block-image aligncenter size-full is-resized\"><img loading=\"lazy\" decoding=\"async\" width=\"1748\" height=\"1240\" src=\"https:\/\/agirpoursenourrir.fr\/wp-content\/uploads\/2024\/07\/DA-et-pouvoirs-citoyens.png\" alt=\"\" class=\"wp-image-229\" style=\"width:716px;height:auto\" srcset=\"https:\/\/agirpoursenourrir.fr\/wp-content\/uploads\/2024\/07\/DA-et-pouvoirs-citoyens.png 1748w, https:\/\/agirpoursenourrir.fr\/wp-content\/uploads\/2024\/07\/DA-et-pouvoirs-citoyens-300x213.png 300w, https:\/\/agirpoursenourrir.fr\/wp-content\/uploads\/2024\/07\/DA-et-pouvoirs-citoyens-1024x726.png 1024w, https:\/\/agirpoursenourrir.fr\/wp-content\/uploads\/2024\/07\/DA-et-pouvoirs-citoyens-768x545.png 768w, https:\/\/agirpoursenourrir.fr\/wp-content\/uploads\/2024\/07\/DA-et-pouvoirs-citoyens-1536x1090.png 1536w\" sizes=\"auto, (max-width: 1748px) 100vw, 1748px\" \/><\/figure>\n\n\n\n<p>Nous voulons permettre \u00e0 chacun de pouvoir reprendre son pouvoir d\u2019agir, autour de son alimentation. Cela dans le but que les aliments ne soient plus consid\u00e9r\u00e9s demain comme des biens de consommation soumis \u00e0 l\u2019\u00e9conomie de march\u00e9 de l\u2019offre et la demande, entrainant des d\u00e9rives incompr\u00e9hensible pour un bien n\u00e9cessaire \u00e0 la survie.<\/p>\n\n\n\n<div class=\"wp-block-columns is-layout-flex wp-container-core-columns-is-layout-28f84493 wp-block-columns-is-layout-flex\">\n<div class=\"wp-block-column has-custom-ocre-clair-background-color has-background is-layout-flow wp-block-column-is-layout-flow\">\n<figure class=\"wp-block-image aligncenter size-full is-resized\"><img loading=\"lazy\" decoding=\"async\" width=\"179\" height=\"167\" src=\"https:\/\/agirpoursenourrir.fr\/wp-content\/uploads\/2024\/07\/image-9.png\" alt=\"\" class=\"wp-image-256\" style=\"width:129px;height:auto\"\/><\/figure>\n\n\n\n<p class=\"has-text-align-center has-custom-for-t-color has-text-color has-link-color has-small-font-size wp-elements-00484ceda3fbb18b4cbfd79c15eafd22\"><strong>UN DIAGNOSTIC PARTICIPATIF<\/strong><\/p>\n\n\n\n<p class=\"has-text-align-center has-custom-for-t-color has-text-color has-link-color has-small-font-size wp-elements-b021951437be00dca74cf6c377d2caab\">Comprendre les habitudes alimentaire des habitants et les freins rencontr\u00e9s permettant une alimentation choisie<\/p>\n\n\n\n<p><\/p>\n\n\n\n<figure class=\"wp-block-image size-full\"><img loading=\"lazy\" decoding=\"async\" width=\"334\" height=\"359\" src=\"https:\/\/agirpoursenourrir.fr\/wp-content\/uploads\/2024\/07\/image-15.png\" alt=\"\" class=\"wp-image-264\" srcset=\"https:\/\/agirpoursenourrir.fr\/wp-content\/uploads\/2024\/07\/image-15.png 334w, https:\/\/agirpoursenourrir.fr\/wp-content\/uploads\/2024\/07\/image-15-279x300.png 279w\" sizes=\"auto, (max-width: 334px) 100vw, 334px\" \/><\/figure>\n<\/div>\n\n\n\n<div class=\"wp-block-column has-custom-ocre-clair-background-color has-background is-layout-flow wp-block-column-is-layout-flow\">\n<figure class=\"wp-block-image size-full\"><img loading=\"lazy\" decoding=\"async\" width=\"179\" height=\"167\" src=\"https:\/\/agirpoursenourrir.fr\/wp-content\/uploads\/2024\/07\/image-10.png\" alt=\"\" class=\"wp-image-257\"\/><\/figure>\n\n\n\n<p class=\"has-text-align-center has-custom-for-t-color has-text-color has-link-color has-small-font-size wp-elements-1e4ed7a0bc50e64dcebe18da28f6ee57\"><strong>TEMPS SENSIBILISATION ET MOBILISATION<\/strong><\/p>\n\n\n\n<p class=\"has-text-align-center has-custom-for-t-color has-text-color has-link-color has-small-font-size wp-elements-b978d812c296477ea07ee4673baa8b92\">Comprendre l\u2019impact social et environnemental de notre syst\u00e8me alimentaire.<\/p>\n\n\n\n<p><\/p>\n\n\n\n<figure class=\"wp-block-image size-full\"><img loading=\"lazy\" decoding=\"async\" width=\"334\" height=\"359\" src=\"https:\/\/agirpoursenourrir.fr\/wp-content\/uploads\/2024\/07\/image-17.png\" alt=\"\" class=\"wp-image-266\" srcset=\"https:\/\/agirpoursenourrir.fr\/wp-content\/uploads\/2024\/07\/image-17.png 334w, https:\/\/agirpoursenourrir.fr\/wp-content\/uploads\/2024\/07\/image-17-279x300.png 279w\" sizes=\"auto, (max-width: 334px) 100vw, 334px\" \/><\/figure>\n<\/div>\n\n\n\n<div class=\"wp-block-column has-custom-ocre-clair-background-color has-background is-layout-flow wp-block-column-is-layout-flow\">\n<figure class=\"wp-block-image size-full\"><img loading=\"lazy\" decoding=\"async\" width=\"179\" height=\"167\" src=\"https:\/\/agirpoursenourrir.fr\/wp-content\/uploads\/2024\/07\/image-11.png\" alt=\"\" class=\"wp-image-258\"\/><\/figure>\n\n\n\n<p class=\"has-text-align-center has-custom-for-t-color has-text-color has-link-color has-small-font-size wp-elements-abc17246d4b60ab744ab0f36224a6cfb\"><strong>UN DIAGNOSTIC DU MONDE AGRICOLE<\/strong><\/p>\n\n\n\n<p class=\"has-text-align-center has-custom-for-t-color has-text-color has-link-color has-small-font-size wp-elements-1316c52347ee4e08f80fabd4be425670\">comprendre l\u2019environnement alimentaire de notre territoire, les possibilit\u00e9s actuelles et les diff\u00e9rents leviers \u00e0 activer pour un syst\u00e8me alimentaire pertinent \u00e0 notre territoire.<\/p>\n\n\n\n<figure class=\"wp-block-image size-full\"><img loading=\"lazy\" decoding=\"async\" width=\"334\" height=\"359\" src=\"https:\/\/agirpoursenourrir.fr\/wp-content\/uploads\/2024\/07\/image-18.png\" alt=\"\" class=\"wp-image-267\" srcset=\"https:\/\/agirpoursenourrir.fr\/wp-content\/uploads\/2024\/07\/image-18.png 334w, https:\/\/agirpoursenourrir.fr\/wp-content\/uploads\/2024\/07\/image-18-279x300.png 279w\" sizes=\"auto, (max-width: 334px) 100vw, 334px\" \/><\/figure>\n<\/div>\n\n\n\n<div class=\"wp-block-column has-custom-ocre-clair-background-color has-background is-layout-flow wp-block-column-is-layout-flow\">\n<figure class=\"wp-block-image size-full\"><img loading=\"lazy\" decoding=\"async\" width=\"179\" height=\"167\" src=\"https:\/\/agirpoursenourrir.fr\/wp-content\/uploads\/2024\/07\/image-12.png\" alt=\"\" class=\"wp-image-259\"\/><\/figure>\n\n\n\n<p class=\"has-text-align-center has-custom-for-t-color has-text-color has-link-color has-small-font-size wp-elements-ddfcc997ac651507172a20c78e18efe9\"><strong>UN DIAGNOSTIC DE L&rsquo;AIDE ALIMENTAIRE<\/strong><\/p>\n\n\n\n<p class=\"has-text-align-center has-custom-for-t-color has-text-color has-link-color has-small-font-size wp-elements-dabbcf02a14771a05c2f0c1810240a4d\">Comprendre les besoins du territoire dans l\u2019aide aux personnes pr\u00e9caris\u00e9s<\/p>\n\n\n\n<p><\/p>\n\n\n\n<figure class=\"wp-block-image size-full\"><img loading=\"lazy\" decoding=\"async\" width=\"334\" height=\"359\" src=\"https:\/\/agirpoursenourrir.fr\/wp-content\/uploads\/2024\/07\/image-19.png\" alt=\"\" class=\"wp-image-268\" srcset=\"https:\/\/agirpoursenourrir.fr\/wp-content\/uploads\/2024\/07\/image-19.png 334w, https:\/\/agirpoursenourrir.fr\/wp-content\/uploads\/2024\/07\/image-19-279x300.png 279w\" sizes=\"auto, (max-width: 334px) 100vw, 334px\" \/><\/figure>\n<\/div>\n\n\n\n<div class=\"wp-block-column has-custom-ocre-clair-background-color has-background is-layout-flow wp-block-column-is-layout-flow\">\n<figure class=\"wp-block-image size-full\"><img loading=\"lazy\" decoding=\"async\" width=\"179\" height=\"167\" src=\"https:\/\/agirpoursenourrir.fr\/wp-content\/uploads\/2024\/07\/image-13.png\" alt=\"\" class=\"wp-image-260\"\/><\/figure>\n\n\n\n<p class=\"has-text-align-center has-custom-for-t-color has-text-color has-link-color has-small-font-size wp-elements-d57fbf56628181ba5ea7185a2d30a2f0\"><strong>UNE CARTOGRAPHIE CRITIQUE<\/strong><\/p>\n\n\n\n<p class=\"has-text-align-center has-custom-for-t-color has-text-color has-link-color has-small-font-size wp-elements-059a85e00f5c9f47e5acf755c7b869ec\">Conna\u00eetre les initiatives de d\u00e9mocratie alimentaire existante sur le territoire, pour s\u2019offrir de partir du d\u00e9j\u00e0 l\u00e0 pour l\u2019exp\u00e9rimentation<\/p>\n\n\n\n<figure class=\"wp-block-image size-full\"><img loading=\"lazy\" decoding=\"async\" width=\"334\" height=\"359\" src=\"https:\/\/agirpoursenourrir.fr\/wp-content\/uploads\/2024\/07\/image-20.png\" alt=\"\" class=\"wp-image-269\" srcset=\"https:\/\/agirpoursenourrir.fr\/wp-content\/uploads\/2024\/07\/image-20.png 334w, https:\/\/agirpoursenourrir.fr\/wp-content\/uploads\/2024\/07\/image-20-279x300.png 279w\" sizes=\"auto, (max-width: 334px) 100vw, 334px\" \/><\/figure>\n<\/div>\n<\/div>\n\n\n\n<p class=\"has-text-align-center has-custom-for-t-color has-text-color has-link-color has-large-font-size wp-elements-843fbae3a8a3fc3afceda4281e83b494\"><strong>= UNE EXP\u00c9RIMENTATION QUI RESSEMBLE \u00c0 NOTRE TERRITOIRE PORT\u00c9E PAR LES HABITANTS<\/strong><\/p>\n\n\n\n<p><a><\/a> Au fur et \u00e0 mesure de l\u2019avanc\u00e9e de ces diff\u00e9rents th\u00e8mes, nous allons analyser collectivement ces donn\u00e9es du terrain afin d\u2019\u00e9crire un cahier des charges globales, base de l\u2019exp\u00e9rimentation qui sera imagin\u00e9e.<\/p>\n\n\n\n<p>Ce projet est ambitieux, et \u00e0 ce jour, il n\u2019y a qu\u2019un seul mi-temps salari\u00e9 sur le projet (financ\u00e9 par un appel \u00e0 projets national), tous les autres engagements sont pour l\u2019instant b\u00e9n\u00e9voles. Mais, pour autant, avec les ressources que nous avons, ce projet est r\u00e9ellement r\u00e9fl\u00e9chi comme une d\u00e9marche de d\u00e9mocratie participative. A l\u2019image d\u2019une convention citoyenne autour de l\u2019alimentation, nous sommes partis sur la conviction que ce projet doit appartenir \u00e0 tous tant que les valeurs sont respect\u00e9es.<\/p>\n","protected":false},"excerpt":{"rendered":"<p>Le projet \u00ab&nbsp;Agir pour se nourrir&nbsp;\u00bb a vu le jour gr\u00e2ce \u00e0 une dynamique partenariale qui s\u2019est constitu\u00e9e en consortium (associations du secteur social, institutions, acteurs du monde paysan et [&hellip;]<\/p>\n","protected":false},"author":1,"featured_media":0,"parent":0,"menu_order":0,"comment_status":"closed","ping_status":"closed","template":"","meta":{"_EventAllDay":false,"_EventTimezone":"","_EventStartDate":"","_EventEndDate":"","_EventStartDateUTC":"","_EventEndDateUTC":"","_EventShowMap":false,"_EventShowMapLink":false,"_EventURL":"","_EventCost":"","_EventCostDescription":"","_EventCurrencySymbol":"","_EventCurrencyCode":"","_EventCurrencyPosition":"","_EventDateTimeSeparator":"","_EventTimeRangeSeparator":"","_EventOrganizerID":[],"_EventVenueID":[],"_OrganizerEmail":"","_OrganizerPhone":"","_OrganizerWebsite":"","_VenueAddress":"","_VenueCity":"","_VenueCountry":"","_VenueProvince":"","_VenueState":"","_VenueZip":"","_VenuePhone":"","_VenueURL":"","_VenueStateProvince":"","_VenueLat":"","_VenueLng":"","_VenueShowMap":false,"_VenueShowMapLink":false,"_themeisle_gutenberg_block_has_review":false,"footnotes":""},"class_list":["post-130","page","type-page","status-publish","hentry"],"_links":{"self":[{"href":"https:\/\/agirpoursenourrir.fr\/index.php\/wp-json\/wp\/v2\/pages\/130","targetHints":{"allow":["GET"]}}],"collection":[{"href":"https:\/\/agirpoursenourrir.fr\/index.php\/wp-json\/wp\/v2\/pages"}],"about":[{"href":"https:\/\/agirpoursenourrir.fr\/index.php\/wp-json\/wp\/v2\/types\/page"}],"author":[{"embeddable":true,"href":"https:\/\/agirpoursenourrir.fr\/index.php\/wp-json\/wp\/v2\/users\/1"}],"replies":[{"embeddable":true,"href":"https:\/\/agirpoursenourrir.fr\/index.php\/wp-json\/wp\/v2\/comments?post=130"}],"version-history":[{"count":4,"href":"https:\/\/agirpoursenourrir.fr\/index.php\/wp-json\/wp\/v2\/pages\/130\/revisions"}],"predecessor-version":[{"id":283,"href":"https:\/\/agirpoursenourrir.fr\/index.php\/wp-json\/wp\/v2\/pages\/130\/revisions\/283"}],"wp:attachment":[{"href":"https:\/\/agirpoursenourrir.fr\/index.php\/wp-json\/wp\/v2\/media?parent=130"}],"curies":[{"name":"wp","href":"https:\/\/api.w.org\/{rel}","templated":true}]}}